{"id":7,"date":"2011-10-10T10:58:51","date_gmt":"2011-10-10T10:58:51","guid":{"rendered":"http:\/\/www.guiadeencontros.com\/wordpress\/?page_id=7"},"modified":"2011-10-10T10:58:51","modified_gmt":"2011-10-10T10:58:51","slug":"sobre-guia-de-encontros","status":"publish","type":"page","link":"https:\/\/www.guiadeencontros.com\/br\/?page_id=7","title":{"rendered":"Sobre Guia De Encontros"},"content":{"rendered":"<h4><span style=\"color: #3366ff;\"><strong>SejaBem-vindo(a) ao Guia De Encontros. \u00a0<\/strong><\/span><\/h4>\n<p><a href=\"http:\/\/guiadeencontros.com\/br\/wp-content\/uploads\/2011\/10\/header_600x80px.jpg\"><img loading=\"lazy\" decoding=\"async\" class=\"alignleft size-full wp-image-30\" title=\"Guia De Encontros\" src=\"http:\/\/guiadeencontros.com\/br\/wp-content\/uploads\/2011\/10\/header_600x80px.jpg\" alt=\"Guia De Encontros\" width=\"600\" height=\"80\" srcset=\"https:\/\/www.guiadeencontros.com\/br\/wp-content\/uploads\/2011\/10\/header_600x80px.jpg 600w, https:\/\/www.guiadeencontros.com\/br\/wp-content\/uploads\/2011\/10\/header_600x80px-300x40.jpg 300w\" sizes=\"auto, (max-width: 600px) 100vw, 600px\" \/><\/a><\/p>\n<p>&nbsp;<\/p>\n<p>No Guia De Encontros, encontrar\u00e1 uma pan\u00f3plia variada de sites de encontros. \u00a0A lista de sites de encontros est\u00e1 dividida em categorias para o acesso mais f\u00e1cil. \u00a0\u00c0 procura de romance ou intimidade? Talvez um encontro secreto? Um(a) companheiro(a)? \u00a0Ou talvez um flirt casual? \u00a0Desde a procura, at\u00e9 ao encontro er\u00f3tico, tudo \u00e9 poss\u00edvel no GDC.<\/p>\n<p><span style=\"color: #3366ff;\"><strong>Boa Sorte na procura do seu par perfeito!<\/strong><\/span><\/p>\n","protected":false},"excerpt":{"rendered":"<p>SejaBem-vindo(a) ao Guia De Encontros. \u00a0 &nbsp; No Guia De Encontros, encontrar\u00e1 uma pan\u00f3plia variada de sites de encontros. \u00a0A lista de sites de encontros est\u00e1 dividida em categorias para&#46;&#46;&#46;<\/p>\n","protected":false},"author":2,"featured_media":0,"parent":0,"menu_order":0,"comment_status":"open","ping_status":"closed","template":"","meta":{"_monsterinsights_skip_tracking":false,"_monsterinsights_sitenote_active":false,"_monsterinsights_sitenote_note":"","_monsterinsights_sitenote_category":0,"footnotes":""},"class_list":["post-7","page","type-page","status-publish","hentry"],"_links":{"self":[{"href":"https:\/\/www.guiadeencontros.com\/br\/index.php?rest_route=\/wp\/v2\/pages\/7","targetHints":{"allow":["GET"]}}],"collection":[{"href":"https:\/\/www.guiadeencontros.com\/br\/index.php?rest_route=\/wp\/v2\/pages"}],"about":[{"href":"https:\/\/www.guiadeencontros.com\/br\/index.php?rest_route=\/wp\/v2\/types\/page"}],"author":[{"embeddable":true,"href":"https:\/\/www.guiadeencontros.com\/br\/index.php?rest_route=\/wp\/v2\/users\/2"}],"replies":[{"embeddable":true,"href":"https:\/\/www.guiadeencontros.com\/br\/index.php?rest_route=%2Fwp%2Fv2%2Fcomments&post=7"}],"version-history":[{"count":0,"href":"https:\/\/www.guiadeencontros.com\/br\/index.php?rest_route=\/wp\/v2\/pages\/7\/revisions"}],"wp:attachment":[{"href":"https:\/\/www.guiadeencontros.com\/br\/index.php?rest_route=%2Fwp%2Fv2%2Fmedia&parent=7"}],"curies":[{"name":"wp","href":"https:\/\/api.w.org\/{rel}","templated":true}]}}